{"id":159,"date":"2020-01-04T18:30:00","date_gmt":"2020-01-04T17:30:00","guid":{"rendered":"http:\/\/nadiacontassot.fr\/?page_id=159"},"modified":"2026-03-28T20:41:01","modified_gmt":"2026-03-28T19:41:01","slug":"a-propos-de-lartiste","status":"publish","type":"page","link":"https:\/\/nadiacontassot.fr\/","title":{"rendered":"\u00c0 propos de l&rsquo;artiste"},"content":{"rendered":"\n<p>Qui est Nadia CONTASSOT ?<\/p>\n\n\n\n<p>Une heureuse retrait\u00e9e qui s&rsquo;adonne \u00e0 ses passions : le dessin et la peinture \u00e0 l&rsquo;huile.<\/p>\n\n\n\n<p>J&rsquo;ai pris des  cours d&rsquo;art plastique avec l&rsquo;Artiste Peintre Mme Fran\u00e7oise Guillemard<br>puis avec  l&rsquo;Artiste Peintre Mr Lionel Verrier \u00e0 Dijon.<\/p>\n\n\n\n<p>J&rsquo;ai expos\u00e9 depuis 2019 \u00e0 plusieurs endroits  : Savigny le Sec , Centre Divio, Messigny et  Vantoux, Quetigny<\/p>\n\n\n\n<p>Aujourd&rsquo;hui, je travaille seule et expose une fois par an \u00e0 Corcelles les Monts avec l&rsquo;association LES ARTS AU SOLEIL en juin<\/p>\n\n\n\n<p><\/p>\n\n\n\n<p><\/p>\n\n\n\n<p><\/p>\n","protected":false},"excerpt":{"rendered":"<p>Qui est Nadia CONTASSOT ? Une heureuse retrait\u00e9e qui s&rsquo;adonne \u00e0 ses passions : le dessin et la peinture \u00e0 l&rsquo;huile. J&rsquo;ai pris des cours d&rsquo;art plastique avec l&rsquo;Artiste Peintre &hellip; <\/p>\n<p class=\"link-more\"><a href=\"https:\/\/nadiacontassot.fr\/\" class=\"more-link\">Continuer la lecture<span class=\"screen-reader-text\"> de &laquo;&nbsp;\u00c0 propos de l&rsquo;artiste&nbsp;&raquo;<\/span><\/a><\/p>\n","protected":false},"author":2,"featured_media":0,"parent":0,"menu_order":0,"comment_status":"closed","ping_status":"closed","template":"","meta":{"footnotes":""},"class_list":["post-159","page","type-page","status-publish","hentry"],"_links":{"self":[{"href":"https:\/\/nadiacontassot.fr\/index.php?rest_route=\/wp\/v2\/pages\/159","targetHints":{"allow":["GET"]}}],"collection":[{"href":"https:\/\/nadiacontassot.fr\/index.php?rest_route=\/wp\/v2\/pages"}],"about":[{"href":"https:\/\/nadiacontassot.fr\/index.php?rest_route=\/wp\/v2\/types\/page"}],"author":[{"embeddable":true,"href":"https:\/\/nadiacontassot.fr\/index.php?rest_route=\/wp\/v2\/users\/2"}],"replies":[{"embeddable":true,"href":"https:\/\/nadiacontassot.fr\/index.php?rest_route=%2Fwp%2Fv2%2Fcomments&post=159"}],"version-history":[{"count":11,"href":"https:\/\/nadiacontassot.fr\/index.php?rest_route=\/wp\/v2\/pages\/159\/revisions"}],"predecessor-version":[{"id":266,"href":"https:\/\/nadiacontassot.fr\/index.php?rest_route=\/wp\/v2\/pages\/159\/revisions\/266"}],"wp:attachment":[{"href":"https:\/\/nadiacontassot.fr\/index.php?rest_route=%2Fwp%2Fv2%2Fmedia&parent=159"}],"curies":[{"name":"wp","href":"https:\/\/api.w.org\/{rel}","templated":true}]}}